{"id":53,"date":"2020-06-01T09:36:46","date_gmt":"2020-06-01T09:36:46","guid":{"rendered":"http:\/\/beratung-nf.de\/?page_id=53"},"modified":"2022-11-13T11:28:18","modified_gmt":"2022-11-13T11:28:18","slug":"infos-kosten","status":"publish","type":"page","link":"https:\/\/beratung-nf.de\/?page_id=53","title":{"rendered":"Infos &#038; Kosten"},"content":{"rendered":"\n<p style=\"font-size:18px\">Wenn Sie Interesse an einer psychologischen Beratung haben, kontaktieren Sie mich einfach per Telefon oder e-mail. Bitte hinterlassen Sie Ihren Namen und Ihre Telefonnummer, sollten Sie mich nicht direkt erreichen. Ich melde mich so bald wie m\u00f6glich zur\u00fcck.<\/p>\n\n\n\n<p style=\"font-size:18px\">Wir f\u00fchren dann telefonisch ein unverbindliches Erstgespr\u00e4ch, in dem ich Ihnen gerne meine Arbeitsweise vorstelle. Wir kl\u00e4ren au\u00dferdem, welches Anliegen Sie zu mir f\u00fchrt. Hierbei haben wir die M\u00f6glichkeit, uns ein wenig kennen zu lernen, wodurch Sie die M\u00f6glichkeit bekommen, ein Gef\u00fchl daf\u00fcr zu entwickeln, ob Sie mit mir arbeiten m\u00f6chten. Wenn Sie es w\u00fcnschen, vereinbaren wir im Anschluss einen Termin f\u00fcr ein erstes Beratungsgespr\u00e4ch.<\/p>\n\n\n\n<p style=\"font-size:18px\">Die Kosten einer Beratungsstunde (60 Minuten) betragen 70 Euro und werden bar entrichtet.<\/p>\n\n\n\n<p style=\"font-size:18px\"><strong>Selbstverst\u00e4ndlich unterliegen alle Gespr\u00e4che der absoluten Schweigepflicht.<\/strong><\/p>\n\n\n\n<p style=\"font-size:18px\">In der von mir angebotenen psychologischen Beratung werden in Gespr\u00e4chen und mittels Anwendung verschiedener Bearbeitungsmethoden Probleme bzw. belastende Situationen thematisiert und bearbeitet. <strong><mark style=\"background-color:rgba(0, 0, 0, 0)\" class=\"has-inline-color has-black-color\">Diese Beratungsform ersetzt jedoch keine psychotherapeutische Therapie<\/mark>.<\/strong><\/p>\n\n\n\n<p style=\"font-size:14px\"><em>Raum &amp; Zeit \u2013 Psychologische Beratung und Begleitung<\/em><\/p>\n","protected":false},"excerpt":{"rendered":"<p>Wenn Sie Interesse an einer psychologischen Beratung haben, kontaktieren Sie mich einfach per Telefon oder e-mail. Bitte hinterlassen Sie Ihren Namen und Ihre Telefonnummer, sollten Sie mich nicht direkt erreichen. Ich melde mich so bald wie m\u00f6glich zur\u00fcck. Wir f\u00fchren dann telefonisch ein unverbindliches Erstgespr\u00e4ch, in dem ich Ihnen gerne meine Arbeitsweise vorstelle. Wir kl\u00e4ren &hellip; <\/p>\n<p class=\"link-more\"><a href=\"https:\/\/beratung-nf.de\/?page_id=53\" class=\"more-link\"><span class=\"screen-reader-text\">\u201eInfos &#038; Kosten\u201c<\/span> weiterlesen<\/a><\/p>\n","protected":false},"author":1,"featured_media":0,"parent":0,"menu_order":0,"comment_status":"closed","ping_status":"closed","template":"","meta":[],"_links":{"self":[{"href":"https:\/\/beratung-nf.de\/index.php?rest_route=\/wp\/v2\/pages\/53"}],"collection":[{"href":"https:\/\/beratung-nf.de\/index.php?rest_route=\/wp\/v2\/pages"}],"about":[{"href":"https:\/\/beratung-nf.de\/index.php?rest_route=\/wp\/v2\/types\/page"}],"author":[{"embeddable":true,"href":"https:\/\/beratung-nf.de\/index.php?rest_route=\/wp\/v2\/users\/1"}],"replies":[{"embeddable":true,"href":"https:\/\/beratung-nf.de\/index.php?rest_route=%2Fwp%2Fv2%2Fcomments&post=53"}],"version-history":[{"count":12,"href":"https:\/\/beratung-nf.de\/index.php?rest_route=\/wp\/v2\/pages\/53\/revisions"}],"predecessor-version":[{"id":151,"href":"https:\/\/beratung-nf.de\/index.php?rest_route=\/wp\/v2\/pages\/53\/revisions\/151"}],"wp:attachment":[{"href":"https:\/\/beratung-nf.de\/index.php?rest_route=%2Fwp%2Fv2%2Fmedia&parent=53"}],"curies":[{"name":"wp","href":"https:\/\/api.w.org\/{rel}","templated":true}]}}