{"id":42,"date":"2020-06-01T09:24:35","date_gmt":"2020-06-01T09:24:35","guid":{"rendered":"http:\/\/beratung-nf.de\/?page_id=42"},"modified":"2022-11-13T11:29:07","modified_gmt":"2022-11-13T11:29:07","slug":"beratung","status":"publish","type":"page","link":"https:\/\/beratung-nf.de\/?page_id=42","title":{"rendered":"Beratung"},"content":{"rendered":"\n<p style=\"font-size:18px\">Jeder kennt schwierige oder belastende Situationen im Leben. Und \u2013 nicht immer ist es m\u00f6glich, diese alleine, mit Hilfe der Familie oder guten Freunden zu bew\u00e4ltigen.<\/p>\n\n\n\n<p style=\"font-size:18px\">Mein Bestreben ist es, Ihnen in diesen Lebensphasen zu helfen und Sie zu begleiten.<\/p>\n\n\n\n<p style=\"font-size:18px\">Auf Grundlage der Humanistischen Psychologie und der therapeutischen Grundhaltungen nach Carl G. Rogers, die sich u. a. durch Empathie sowie bedingungsfreie Wertsch\u00e4tzung auszeichnen, m\u00f6chte ich Ihnen Raum &amp; Zeit geben, Ihre pers\u00f6nliche Situation zu beleuchten sowie Ihre Wahrnehmungen, Gedanken und Gef\u00fchle zu ergr\u00fcnden und zu sortieren.<\/p>\n\n\n\n<p style=\"font-size:18px\">In vertrauensvoller Atmosph\u00e4re erfahren Sie Unterst\u00fctzung, Entlastung und Begleitung, so dass Sie mit Hilfe verschiedener&nbsp; Bearbeitungsmethoden Zusammenh\u00e4nge erkennen &nbsp;und dadurch Ihre eigenen Antworten, L\u00f6sungswege und Perspektiven f\u00fcr die Zukunft finden k\u00f6nnen.<\/p>\n\n\n\n<p style=\"font-size:18px\">Ich biete psychologische Beratung und Begleitung wenn Sie beispielsweise<\/p>\n\n\n\n<ul>\n<li>&nbsp;einen Konflikt kl\u00e4ren m\u00f6chten<\/li>\n\n\n\n<li>&nbsp;Unterst\u00fctzung beim F\u00e4llen einer wichtigen\/schwerwiegenden Entscheidung ben\u00f6tigen<\/li>\n\n\n\n<li>&nbsp;etwas in Ihrem Leben ver\u00e4ndern m\u00f6chten<\/li>\n\n\n\n<li>&nbsp;sich irgendwie nicht gl\u00fccklich f\u00fchlen, negative Verstimmungen Ihr Leben beeintr\u00e4chtigen<\/li>\n\n\n\n<li>&nbsp;in einer pers\u00f6nlichen Krise stecken<\/li>\n\n\n\n<li>&nbsp;Ihre Unsicherheit Sie daran hindert, Ihr Leben zu genie\u00dfen<\/li>\n\n\n\n<li>&nbsp;eine Erinnerung verarbeiten m\u00f6chten<\/li>\n\n\n\n<li>&nbsp;\u00fcberfordert sind<\/li>\n\n\n\n<li>&nbsp;eingefahrene Denk- und Verhaltensmuster ver\u00e4ndern wollen<\/li>\n\n\n\n<li>&nbsp;einen Verlust zu verkraften haben<\/li>\n\n\n\n<li>&nbsp;sich endlich einmal alles von der Seele reden wollen.<\/li>\n<\/ul>\n\n\n\n<p style=\"font-size:18px\">Sie sind sich nicht sicher, ob eine psychologische Beratung das Richtige f\u00fcr Sie ist?<\/p>\n\n\n\n<p style=\"font-size:18px\">Kontaktieren Sie mich gerne unverbindlich und wir kl\u00e4ren Ihre Fragen pers\u00f6nlich.<\/p>\n\n\n\n<p class=\"has-text-align-center has-normal-font-size\"><em>&nbsp;&nbsp;Raum &amp; Zeit \u2013 Psychologische Beratung und Begleitung<\/em><\/p>\n","protected":false},"excerpt":{"rendered":"<p>Jeder kennt schwierige oder belastende Situationen im Leben. Und \u2013 nicht immer ist es m\u00f6glich, diese alleine, mit Hilfe der Familie oder guten Freunden zu bew\u00e4ltigen. Mein Bestreben ist es, Ihnen in diesen Lebensphasen zu helfen und Sie zu begleiten. Auf Grundlage der Humanistischen Psychologie und der therapeutischen Grundhaltungen nach Carl G. Rogers, die sich &hellip; <\/p>\n<p class=\"link-more\"><a href=\"https:\/\/beratung-nf.de\/?page_id=42\" class=\"more-link\"><span class=\"screen-reader-text\">\u201eBeratung\u201c<\/span> weiterlesen<\/a><\/p>\n","protected":false},"author":1,"featured_media":0,"parent":0,"menu_order":0,"comment_status":"closed","ping_status":"closed","template":"","meta":[],"_links":{"self":[{"href":"https:\/\/beratung-nf.de\/index.php?rest_route=\/wp\/v2\/pages\/42"}],"collection":[{"href":"https:\/\/beratung-nf.de\/index.php?rest_route=\/wp\/v2\/pages"}],"about":[{"href":"https:\/\/beratung-nf.de\/index.php?rest_route=\/wp\/v2\/types\/page"}],"author":[{"embeddable":true,"href":"https:\/\/beratung-nf.de\/index.php?rest_route=\/wp\/v2\/users\/1"}],"replies":[{"embeddable":true,"href":"https:\/\/beratung-nf.de\/index.php?rest_route=%2Fwp%2Fv2%2Fcomments&post=42"}],"version-history":[{"count":13,"href":"https:\/\/beratung-nf.de\/index.php?rest_route=\/wp\/v2\/pages\/42\/revisions"}],"predecessor-version":[{"id":152,"href":"https:\/\/beratung-nf.de\/index.php?rest_route=\/wp\/v2\/pages\/42\/revisions\/152"}],"wp:attachment":[{"href":"https:\/\/beratung-nf.de\/index.php?rest_route=%2Fwp%2Fv2%2Fmedia&parent=42"}],"curies":[{"name":"wp","href":"https:\/\/api.w.org\/{rel}","templated":true}]}}