{"id":29,"date":"2020-06-01T09:09:02","date_gmt":"2020-06-01T09:09:02","guid":{"rendered":"http:\/\/beratung-nf.de\/?page_id=29"},"modified":"2022-11-13T11:29:44","modified_gmt":"2022-11-13T11:29:44","slug":"begruessung","status":"publish","type":"page","link":"https:\/\/beratung-nf.de\/?page_id=29","title":{"rendered":"Herzlich Willkommen!"},"content":{"rendered":"\n<p style=\"font-size:18px\">Ich freue mich, Sie zu begr\u00fc\u00dfen und mich Ihnen vorstellen zu d\u00fcrfen.<\/p>\n\n\n\n<p style=\"font-size:18px\">Ich m\u00f6chte Ihnen auf meiner Seite einen ersten Eindruck \u00fcber meine Arbeitsweise, den Ablauf einer Beratung und die Kosten geben.<\/p>\n\n\n\n<p style=\"font-size:18px\">Machen Sie sich in Ruhe ein Bild und kontaktieren Sie mich gerne, wenn Sie ein erstes, unverbindliches Gespr\u00e4ch w\u00fcnschen.<\/p>\n\n\n\n<p class=\"has-text-align-center\" style=\"font-size:18px\">Ihre<\/p>\n\n\n\n<p class=\"has-text-align-center\" style=\"font-size:24px\"><strong>Gyde Jannsen<\/strong><\/p>\n\n\n\n<figure class=\"wp-block-image size-large\"><img decoding=\"async\" loading=\"lazy\" width=\"768\" height=\"1024\" src=\"http:\/\/beratung-nf.de\/wp-content\/uploads\/2020\/10\/Flyer-Raum-klein1-768x1024.jpg\" alt=\"\" class=\"wp-image-127\" srcset=\"https:\/\/beratung-nf.de\/wp-content\/uploads\/2020\/10\/Flyer-Raum-klein1-768x1024.jpg 768w, https:\/\/beratung-nf.de\/wp-content\/uploads\/2020\/10\/Flyer-Raum-klein1-225x300.jpg 225w, https:\/\/beratung-nf.de\/wp-content\/uploads\/2020\/10\/Flyer-Raum-klein1-1152x1536.jpg 1152w, https:\/\/beratung-nf.de\/wp-content\/uploads\/2020\/10\/Flyer-Raum-klein1-1536x2048.jpg 1536w, https:\/\/beratung-nf.de\/wp-content\/uploads\/2020\/10\/Flyer-Raum-klein1-scaled.jpg 1920w\" sizes=\"(max-width: 706px) 89vw, (max-width: 767px) 82vw, 740px\" \/><\/figure>\n\n\n\n<p class=\"has-text-align-center has-normal-font-size\"><em>&nbsp;&nbsp; Raum &amp; Zeit \u2013 Psychologische Beratung und Begleitung<\/em><\/p>\n","protected":false},"excerpt":{"rendered":"<p>Ich freue mich, Sie zu begr\u00fc\u00dfen und mich Ihnen vorstellen zu d\u00fcrfen. Ich m\u00f6chte Ihnen auf meiner Seite einen ersten Eindruck \u00fcber meine Arbeitsweise, den Ablauf einer Beratung und die Kosten geben. Machen Sie sich in Ruhe ein Bild und kontaktieren Sie mich gerne, wenn Sie ein erstes, unverbindliches Gespr\u00e4ch w\u00fcnschen. Ihre Gyde Jannsen &nbsp;&nbsp; &hellip; <\/p>\n<p class=\"link-more\"><a href=\"https:\/\/beratung-nf.de\/?page_id=29\" class=\"more-link\"><span class=\"screen-reader-text\">\u201eHerzlich Willkommen!\u201c<\/span> weiterlesen<\/a><\/p>\n","protected":false},"author":1,"featured_media":0,"parent":0,"menu_order":0,"comment_status":"closed","ping_status":"closed","template":"","meta":[],"_links":{"self":[{"href":"https:\/\/beratung-nf.de\/index.php?rest_route=\/wp\/v2\/pages\/29"}],"collection":[{"href":"https:\/\/beratung-nf.de\/index.php?rest_route=\/wp\/v2\/pages"}],"about":[{"href":"https:\/\/beratung-nf.de\/index.php?rest_route=\/wp\/v2\/types\/page"}],"author":[{"embeddable":true,"href":"https:\/\/beratung-nf.de\/index.php?rest_route=\/wp\/v2\/users\/1"}],"replies":[{"embeddable":true,"href":"https:\/\/beratung-nf.de\/index.php?rest_route=%2Fwp%2Fv2%2Fcomments&post=29"}],"version-history":[{"count":18,"href":"https:\/\/beratung-nf.de\/index.php?rest_route=\/wp\/v2\/pages\/29\/revisions"}],"predecessor-version":[{"id":153,"href":"https:\/\/beratung-nf.de\/index.php?rest_route=\/wp\/v2\/pages\/29\/revisions\/153"}],"wp:attachment":[{"href":"https:\/\/beratung-nf.de\/index.php?rest_route=%2Fwp%2Fv2%2Fmedia&parent=29"}],"curies":[{"name":"wp","href":"https:\/\/api.w.org\/{rel}","templated":true}]}}